{"id":529,"date":"2022-11-18T15:07:33","date_gmt":"2022-11-18T15:07:33","guid":{"rendered":"https:\/\/careers.lyko.com\/?page_id=529"},"modified":"2024-10-31T09:45:38","modified_gmt":"2024-10-31T09:45:38","slug":"praktik","status":"publish","type":"page","link":"https:\/\/careers.lyko.com\/en\/praktik\/","title":{"rendered":"Praktik"},"content":{"rendered":"<p>[et_pb_section fb_built=&#8221;1&#8243; fullwidth=&#8221;on&#8221; _builder_version=&#8221;4.23&#8243; _module_preset=&#8221;default&#8221; background_color=&#8221;RGBA(255,255,255,0)&#8221; background_enable_image=&#8221;off&#8221; hover_enabled=&#8221;0&#8243; global_colors_info=&#8221;{}&#8221; sticky_enabled=&#8221;0&#8243;][et_pb_fullwidth_header title=&#8221;Praktik p\u00e5 Lyko&#8221; button_one_text=&#8221;Lediga jobb&#8221; button_one_url=&#8221;#toggle4&#8243; _builder_version=&#8221;4.23&#8243; _module_preset=&#8221;default&#8221; title_text_color=&#8221;#fffe54&#8243; title_font_size=&#8221;83px&#8221; content_text_color=&#8221;#FFFFFF&#8221; background_image=&#8221;https:\/\/careers.lyko.com\/wp-content\/uploads\/2024\/10\/3.png&#8221; custom_button_one=&#8221;on&#8221; button_one_text_color=&#8221;#585CAA&#8221; button_one_bg_color=&#8221;#fffe54&#8243; button_one_border_color=&#8221;RGBA(255,255,255,0)&#8221; button_one_font=&#8221;|600|||||||&#8221; button_one_use_icon=&#8221;off&#8221; hover_enabled=&#8221;0&#8243; title_font_size_tablet=&#8221;83px&#8221; title_font_size_phone=&#8221;50px&#8221; title_font_size_last_edited=&#8221;on|phone&#8221; global_colors_info=&#8221;{}&#8221; title_text=&#8221;3&#8243; title_text_shadow_style=&#8221;preset3&#8243; button_one_bg_enable_color=&#8221;on&#8221; sticky_enabled=&#8221;0&#8243;][\/et_pb_fullwidth_header][\/et_pb_section][et_pb_section fb_built=&#8221;1&#8243; _builder_version=&#8221;4.18.0&#8243; _module_preset=&#8221;default&#8221; custom_padding=&#8221;||1px|||&#8221; global_colors_info=&#8221;{}&#8221;][et_pb_row column_structure=&#8221;1_2,1_2&#8243; make_equal=&#8221;on&#8221; _builder_version=&#8221;4.18.0&#8243; _module_preset=&#8221;default&#8221; custom_css_main_element=&#8221;align-items: center;&#8221; global_colors_info=&#8221;{}&#8221;][et_pb_column type=&#8221;1_2&#8243; _builder_version=&#8221;4.18.0&#8243; _module_preset=&#8221;default&#8221; global_colors_info=&#8221;{}&#8221;][dsm_floating_multi_images floating_height=&#8221;450px&#8221; floating_height_tablet=&#8221;489px&#8221; floating_height_phone=&#8221;489px&#8221; floating_height_last_edited=&#8221;on|desktop&#8221; disabled_on=&#8221;on|on|off&#8221; _builder_version=&#8221;4.23&#8243; _module_preset=&#8221;default&#8221; module_alignment=&#8221;center&#8221; global_colors_info=&#8221;{}&#8221;][dsm_floating_multi_images_child src=&#8221;https:\/\/careers.lyko.com\/wp-content\/uploads\/2024\/10\/22_ISABELL_HALVKROPP_078.png&#8221; title_text=&#8221;22_ISABELL_HALVKROPP_078&#8243; horizontal_align=&#8221;44%&#8221; _builder_version=&#8221;4.23&#8243; _module_preset=&#8221;default&#8221; custom_margin=&#8221;||||false|false&#8221; global_colors_info=&#8221;{}&#8221;][\/dsm_floating_multi_images_child][dsm_floating_multi_images_child src=&#8221;https:\/\/careers.lyko.com\/wp-content\/uploads\/2024\/10\/09_DANIEL_HALVKROPP_100.png&#8221; title_text=&#8221;09_DANIEL_HALVKROPP_100&#8243; horizontal_align=&#8221;21%&#8221; vertical_align=&#8221;-7%&#8221; _builder_version=&#8221;4.23&#8243; _module_preset=&#8221;default&#8221; max_width=&#8221;55%&#8221; custom_margin=&#8221;||||false|false&#8221; global_colors_info=&#8221;{}&#8221;][\/dsm_floating_multi_images_child][dsm_floating_multi_images_child src=&#8221;https:\/\/careers.lyko.com\/wp-content\/uploads\/2024\/10\/13_NIKITA_HALVKROPP_006.png&#8221; title_text=&#8221;13_NIKITA_HALVKROPP_006&#8243; horizontal_align=&#8221;-24%&#8221; vertical_align=&#8221;-11%&#8221; _builder_version=&#8221;4.23&#8243; _module_preset=&#8221;default&#8221; max_width=&#8221;57%&#8221; custom_margin=&#8221;||||false|false&#8221; global_colors_info=&#8221;{}&#8221;][\/dsm_floating_multi_images_child][dsm_floating_multi_images_child src=&#8221;https:\/\/careers.lyko.com\/wp-content\/uploads\/2024\/10\/01_WILLIAM_HALVKROPP_214.png&#8221; title_text=&#8221;01_WILLIAM_HALVKROPP_214&#8243; vertical_align=&#8221;-14%&#8221; _builder_version=&#8221;4.23&#8243; _module_preset=&#8221;default&#8221; max_width=&#8221;61%&#8221; custom_margin=&#8221;||||false|false&#8221; global_colors_info=&#8221;{}&#8221;][\/dsm_floating_multi_images_child][\/dsm_floating_multi_images][\/et_pb_column][et_pb_column type=&#8221;1_2&#8243; _builder_version=&#8221;4.18.0&#8243; _module_preset=&#8221;default&#8221; global_colors_info=&#8221;{}&#8221;][et_pb_text _builder_version=&#8221;4.23&#8243; _module_preset=&#8221;default&#8221; text_font=&#8221;TT Commons Regular||||||||&#8221; text_font_size=&#8221;24px&#8221; header_font_size=&#8221;53px&#8221; position_origin_a=&#8221;center_left&#8221; position_origin_f=&#8221;center_right&#8221; width=&#8221;100%&#8221; global_colors_info=&#8221;{}&#8221;]<\/p>\n<h1 class=\"et_pb_module_header\"><span>Framtiden \u00e4r h\u00e4r!<\/span><\/h1>\n<p><span>Wow! Vi \u00e4r s\u00e5 glada att du \u00e4r instresserad av just oss som arbetsgivare! P\u00e5 Lyko skulle vi vilja erbjuda praktik till alla om vi kunde, men det g\u00e5r s\u00e5klart inte. Dock s\u00e5 annonserar vi h\u00e4r n\u00e4r vi s\u00f6ker praktikanter, s\u00e5 du har kommit HELT r\u00e4tt!<\/span><\/p>\n<p>[\/et_pb_text][\/et_pb_column][\/et_pb_row][\/et_pb_section][et_pb_section fb_built=&#8221;1&#8243; _builder_version=&#8221;4.18.0&#8243; _module_preset=&#8221;default&#8221; background_color=&#8221;#BDBDE1&#8243; min_height=&#8221;369.5px&#8221; custom_padding=&#8221;69px||13px|||&#8221; global_colors_info=&#8221;{}&#8221;][et_pb_row _builder_version=&#8221;4.18.0&#8243; _module_preset=&#8221;default&#8221; min_height=&#8221;96px&#8221; global_colors_info=&#8221;{}&#8221;][et_pb_column type=&#8221;4_4&#8243; _builder_version=&#8221;4.18.0&#8243; _module_preset=&#8221;default&#8221; global_colors_info=&#8221;{}&#8221;][dsm_block_reveal_text block_reveal_text=&#8221;Var kan jag praktisera?&#8221; block_reveal_color=&#8221;#585CAA&#8221; _builder_version=&#8221;4.23&#8243; _module_preset=&#8221;default&#8221; header_text_align=&#8221;center&#8221; header_text_color=&#8221;#585CAA&#8221; header_font_size=&#8221;55px&#8221; global_colors_info=&#8221;{}&#8221;][\/dsm_block_reveal_text][et_pb_text _builder_version=&#8221;4.23&#8243; _module_preset=&#8221;default&#8221; text_font_size=&#8221;23px&#8221; text_line_height=&#8221;1.3em&#8221; max_width=&#8221;700px&#8221; max_width_tablet=&#8221;700px&#8221; max_width_phone=&#8221;700px&#8221; max_width_last_edited=&#8221;on|desktop&#8221; module_alignment=&#8221;center&#8221; custom_margin=&#8221;||||false|false&#8221; global_colors_info=&#8221;{}&#8221;]<\/p>\n<p style=\"text-align: center;\"><span>Visste du att Lyko grundades i Vansbro? Staden \u00e4r kanske mest k\u00e4nd f\u00f6r Vansbro-simmet, men vi jobbar f\u00f6r en stark andraplats. Vi har sedan dess vuxit och har nu huvudkontor i Vansbro och Stockholm, samt IT-hubbar i Borl\u00e4nge och Lund.<\/span><\/p>\n<p style=\"text-align: center;\"><span> Vi tror att en fysisk n\u00e4rvaro \u00e4r en f\u00f6ruts\u00e4ttning f\u00f6r en lyckad praktikperiod. Nedan kan du se var de olika delarna av v\u00e5r verksamhet h\u00e5ller till.\u00a0<\/span><\/p>\n<p style=\"text-align: left;\">[\/et_pb_text][\/et_pb_column][\/et_pb_row][et_pb_row _builder_version=&#8221;4.18.0&#8243; _module_preset=&#8221;default&#8221; global_colors_info=&#8221;{}&#8221;][et_pb_column type=&#8221;4_4&#8243; _builder_version=&#8221;4.18.0&#8243; _module_preset=&#8221;default&#8221; global_colors_info=&#8221;{}&#8221;][et_pb_toggle title=&#8221;H\u00e4r jobbar vi:&#8221; open_toggle_text_color=&#8221;RGBA(255,255,255,0)&#8221; _builder_version=&#8221;4.23&#8243; _module_preset=&#8221;default&#8221; title_text_color=&#8221;#27292C&#8221; title_font_size=&#8221;43px&#8221; body_font_size=&#8221;20px&#8221; body_line_height=&#8221;1.8em&#8221; global_colors_info=&#8221;{}&#8221;]<\/p>\n<p><span>IT &#8211; Vansbro, Borl\u00e4nge, Lund<\/span><br \/><span>Logistik &#8211; Vansbro<\/span><br \/><span>Kundservice &#8211; Vansbro, Borl\u00e4nge<\/span><br \/><span>Marknad &#8211; Stockholm, Vansbro<\/span><br \/><span>Online &#8211; Vansbro och Stockholm<\/span><br \/><span>Ink\u00f6p &#8211; Vansbro och Stockholm<\/span><br \/><span>HR &#8211; Vansbro och Stockholm<\/span><br \/><span>L\u00f6n &#8211; Stockholm<\/span><br \/><span>Ekonomi &#8211; Stockholm<\/span><br \/><span>Produktion &#8211; Stockholm, G\u00f6teborg<\/span><\/p>\n<p>[\/et_pb_toggle][\/et_pb_column][\/et_pb_row][\/et_pb_section][et_pb_section fb_built=&#8221;1&#8243; _builder_version=&#8221;4.18.0&#8243; _module_preset=&#8221;default&#8221; custom_padding=&#8221;||||false|false&#8221; global_colors_info=&#8221;{}&#8221;][et_pb_row column_structure=&#8221;1_2,1_2&#8243; _builder_version=&#8221;4.18.0&#8243; _module_preset=&#8221;default&#8221; global_colors_info=&#8221;{}&#8221;][et_pb_column type=&#8221;1_2&#8243; _builder_version=&#8221;4.18.0&#8243; _module_preset=&#8221;default&#8221; global_colors_info=&#8221;{}&#8221;][et_pb_video src=&#8221;https:\/\/youtu.be\/i8gcliXnTYY&#8221; image_src=&#8221;https:\/\/careers.lyko.com\/wp-content\/uploads\/2023\/07\/1-1.png&#8221; _builder_version=&#8221;4.23&#8243; _module_preset=&#8221;default&#8221; global_colors_info=&#8221;{}&#8221;][\/et_pb_video][et_pb_blurb title=&#8221;Eventen&#8221; _builder_version=&#8221;4.23&#8243; _module_preset=&#8221;default&#8221; header_font_size=&#8221;31px&#8221; body_font_size=&#8221;20px&#8221; global_colors_info=&#8221;{}&#8221;]<\/p>\n<p><span>Som en del av v\u00e5r marknadsf\u00f6ring s\u00e5 \u00e4r vi ibland med och sponsrar olika sp\u00e4nnande event. V\u00e5ra fris\u00f6rer representerar Lyko p\u00e5 till exempel den fashionabla ELLE-galan! Coolt, eller hur?!<\/span><\/p>\n<p>[\/et_pb_blurb][\/et_pb_column][et_pb_column type=&#8221;1_2&#8243; _builder_version=&#8221;4.18.0&#8243; _module_preset=&#8221;default&#8221; global_colors_info=&#8221;{}&#8221;][et_pb_video src=&#8221;https:\/\/youtu.be\/zNrwnfAFCQA?si=ASmfzCHFVojJ9HI0&#8243; image_src=&#8221;https:\/\/careers.lyko.com\/wp-content\/uploads\/2023\/07\/skidlandslaget-hogre.png&#8221; _builder_version=&#8221;4.23&#8243; _module_preset=&#8221;default&#8221; global_colors_info=&#8221;{}&#8221;][\/et_pb_video][et_pb_blurb title=&#8221;Laget&#8221; _builder_version=&#8221;4.23&#8243; _module_preset=&#8221;default&#8221; header_font_size=&#8221;31px&#8221; body_font_size=&#8221;20px&#8221; global_colors_info=&#8221;{}&#8221;]<\/p>\n<p><span>Det g\u00e5r fort i hockey &#8211; men tydligen \u00e4nnu fortare p\u00e5 Lyko och h\u00e4r blir du snabbt en del av laget. Vi samarbetar ocks\u00e5 med svenska l\u00e4ngdskidlandslaget f\u00f6r att se till att de har goda f\u00f6ruts\u00e4ttningar i sp\u00e5ren.\u00a0<\/span><\/p>\n<p>[\/et_pb_blurb][\/et_pb_column][\/et_pb_row][\/et_pb_section][et_pb_section fb_built=&#8221;1&#8243; _builder_version=&#8221;4.18.0&#8243; _module_preset=&#8221;default&#8221; custom_padding=&#8221;10px|||||&#8221; global_colors_info=&#8221;{}&#8221;][et_pb_row _builder_version=&#8221;4.18.0&#8243; _module_preset=&#8221;default&#8221; global_colors_info=&#8221;{}&#8221;][et_pb_column type=&#8221;4_4&#8243; _builder_version=&#8221;4.18.0&#8243; _module_preset=&#8221;default&#8221; global_colors_info=&#8221;{}&#8221;][et_pb_code _builder_version=&#8221;4.18.0&#8243; _module_preset=&#8221;default&#8221; width=&#8221;70%&#8221; width_tablet=&#8221;100%&#8221; width_phone=&#8221;100%&#8221; width_last_edited=&#8221;on|tablet&#8221; module_alignment=&#8221;center&#8221; global_colors_info=&#8221;{}&#8221;]<\/p>\n<div id=\"jobylon-jobs-widget\"><\/div>\n<p><!-- [et_pb_line_break_holder] --><script type=\"text\/javascript\"><!-- [et_pb_line_break_holder] --><!-- [et_pb_line_break_holder] -->  \/*** CONFIGURATION ***\/<!-- [et_pb_line_break_holder] -->  var jbl_company_id = 2420;<!-- [et_pb_line_break_holder] -->  var jbl_version = 'v2';<!-- [et_pb_line_break_holder] -->  var jbl_page_size = 10;<!-- [et_pb_line_break_holder] -->  var jbl_filters = {<!-- [et_pb_line_break_holder] -->      internal: 'all',<!-- [et_pb_line_break_holder] -->      layers_1_ids: [13228],<!-- [et_pb_line_break_holder] -->    };<!-- [et_pb_line_break_holder] --><!-- [et_pb_line_break_holder] -->  \/*** DON'T EDIT BELOW THIS LINE ***\/<!-- [et_pb_line_break_holder] -->  (function() {<!-- [et_pb_line_break_holder] -->    var el = document.createElement('script');<!-- [et_pb_line_break_holder] -->    el.src = 'https:\/\/cdn.jobylon.com\/embedder.js';<!-- [et_pb_line_break_holder] -->    el.type = 'text\/javascript';<!-- [et_pb_line_break_holder] -->    el.async = true;<!-- [et_pb_line_break_holder] -->    d = (document.getElementsByTagName('head')[0] || document.getElementsByTagName('body')[0]);<!-- [et_pb_line_break_holder] -->    d.appendChild(el);<!-- [et_pb_line_break_holder] -->  })();<!-- [et_pb_line_break_holder] --><\/script>[\/et_pb_code][\/et_pb_column][\/et_pb_row][\/et_pb_section]<\/p>","protected":false},"excerpt":{"rendered":"<p><div class=\"et_pb_module dsm_floating_multi_images dsm_floating_multi_images_0\">\n\t\t\t\t\n\t\t\t\t\n\t\t\t\t\n\t\t\t\t\n\t\t\t\t\n\t\t\t\t\n\t\t\t\t<div class=\"et_pb_module_inner\">\n\t\t\t\t\t<div class=\"dsm_floating_multi_images_container\"><div class=\"et_pb_module dsm_floating_multi_images_child dsm_floating_multi_images_child_0\">\n\t\t\t\t\n\t\t\t\t\n\t\t\t\t\n\t\t\t\t\n\t\t\t\t\n\t\t\t\t\n\t\t\t\t<div class=\"et_pb_module_inner\">\n\t\t\t\t\t<img decoding=\"async\" src=\"https:\/\/careers.lyko.com\/wp-content\/uploads\/2024\/10\/22_ISABELL_HALVKROPP_078.png\" alt=\"\" title=\"22_ISABELL_HALVKROPP_078\" id=\"\" srcset=\"https:\/\/careers.lyko.com\/wp-content\/uploads\/2024\/10\/22_ISABELL_HALVKROPP_078.png 1000w, https:\/\/careers.lyko.com\/wp-content\/uploads\/2024\/10\/22_ISABELL_HALVKROPP_078-980x1470.png 980w, https:\/\/careers.lyko.com\/wp-content\/uploads\/2024\/10\/22_ISABELL_HALVKROPP_078-480x720.png 480w\" sizes=\"(min-width: 0px) and (max-width: 480px) 480px, (min-width: 481px) and (max-width: 980px) 980px, (min-width: 981px) 1000px, 100vw\" class=\"\" \/>\n\t\t\t\t<\/div>\n\t\t\t<\/div><div class=\"et_pb_module dsm_floating_multi_images_child dsm_floating_multi_images_child_1\">\n\t\t\t\t\n\t\t\t\t\n\t\t\t\t\n\t\t\t\t\n\t\t\t\t\n\t\t\t\t\n\t\t\t\t<div class=\"et_pb_module_inner\">\n\t\t\t\t\t<img decoding=\"async\" src=\"https:\/\/careers.lyko.com\/wp-content\/uploads\/2024\/10\/09_DANIEL_HALVKROPP_100.png\" alt=\"\" title=\"09_DANIEL_HALVKROPP_100\" id=\"\" srcset=\"https:\/\/careers.lyko.com\/wp-content\/uploads\/2024\/10\/09_DANIEL_HALVKROPP_100.png 1000w, https:\/\/careers.lyko.com\/wp-content\/uploads\/2024\/10\/09_DANIEL_HALVKROPP_100-980x1470.png 980w, https:\/\/careers.lyko.com\/wp-content\/uploads\/2024\/10\/09_DANIEL_HALVKROPP_100-480x720.png 480w\" sizes=\"(min-width: 0px) and (max-width: 480px) 480px, (min-width: 481px) and (max-width: 980px) 980px, (min-width: 981px) 1000px, 100vw\" class=\"\" \/>\n\t\t\t\t<\/div>\n\t\t\t<\/div><div class=\"et_pb_module dsm_floating_multi_images_child dsm_floating_multi_images_child_2\">\n\t\t\t\t\n\t\t\t\t\n\t\t\t\t\n\t\t\t\t\n\t\t\t\t\n\t\t\t\t\n\t\t\t\t<div class=\"et_pb_module_inner\">\n\t\t\t\t\t<img decoding=\"async\" src=\"https:\/\/careers.lyko.com\/wp-content\/uploads\/2024\/10\/13_NIKITA_HALVKROPP_006.png\" alt=\"\" title=\"13_NIKITA_HALVKROPP_006\" id=\"\" srcset=\"https:\/\/careers.lyko.com\/wp-content\/uploads\/2024\/10\/13_NIKITA_HALVKROPP_006.png 1000w, https:\/\/careers.lyko.com\/wp-content\/uploads\/2024\/10\/13_NIKITA_HALVKROPP_006-980x1470.png 980w, https:\/\/careers.lyko.com\/wp-content\/uploads\/2024\/10\/13_NIKITA_HALVKROPP_006-480x720.png 480w\" sizes=\"(min-width: 0px) and (max-width: 480px) 480px, (min-width: 481px) and (max-width: 980px) 980px, (min-width: 981px) 1000px, 100vw\" class=\"\" \/>\n\t\t\t\t<\/div>\n\t\t\t<\/div><div class=\"et_pb_module dsm_floating_multi_images_child dsm_floating_multi_images_child_3\">\n\t\t\t\t\n\t\t\t\t\n\t\t\t\t\n\t\t\t\t\n\t\t\t\t\n\t\t\t\t\n\t\t\t\t<div class=\"et_pb_module_inner\">\n\t\t\t\t\t<img decoding=\"async\" src=\"https:\/\/careers.lyko.com\/wp-content\/uploads\/2024\/10\/01_WILLIAM_HALVKROPP_214.png\" alt=\"\" title=\"01_WILLIAM_HALVKROPP_214\" id=\"\" srcset=\"https:\/\/careers.lyko.com\/wp-content\/uploads\/2024\/10\/01_WILLIAM_HALVKROPP_214.png 1000w, https:\/\/careers.lyko.com\/wp-content\/uploads\/2024\/10\/01_WILLIAM_HALVKROPP_214-980x1470.png 980w, https:\/\/careers.lyko.com\/wp-content\/uploads\/2024\/10\/01_WILLIAM_HALVKROPP_214-480x720.png 480w\" sizes=\"(min-width: 0px) and (max-width: 480px) 480px, (min-width: 481px) and (max-width: 980px) 980px, (min-width: 981px) 1000px, 100vw\" class=\"\" \/>\n\t\t\t\t<\/div>\n\t\t\t<\/div><\/div>\n\t\t\t\t<\/div>\n\t\t\t<\/div>Framtiden \u00e4r h\u00e4r! Wow! Vi \u00e4r s\u00e5 glada att du \u00e4r instresserad av just oss som arbetsgivare! P\u00e5 Lyko skulle vi vilja erbjuda praktik till alla om vi kunde, men det g\u00e5r s\u00e5klart inte. Dock s\u00e5 annonserar vi h\u00e4r n\u00e4r vi s\u00f6ker praktikanter, s\u00e5 du har kommit HELT r\u00e4tt!<div class=\"et_pb_module dsm_block_reveal_text dsm_block_reveal_text_0\">\n\t\t\t\t\n\t\t\t\t\n\t\t\t\t\n\t\t\t\t\n\t\t\t\t\n\t\t\t\t\n\t\t\t\t<div class=\"et_pb_module_inner\">\n\t\t\t\t\t<div class=\"dsm_block_reveal_text_wrapper\" data-dsm-block-reveal-animation=\"lr\" data-dsm-block-reveal-color=\"#585CAA\" data-dsm-block-reveal-delay=\"0.1\" data-dsm-block-reveal-viewport=\"80%\"><h2 class=\"dsm_block_reveal_text_header et_pb_module_header\">Var kan jag praktisera?<\/h2><\/div>\n\t\t\t\t<\/div>\n\t\t\t<\/div>Visste du att Lyko grundades i Vansbro? Staden \u00e4r kanske mest k\u00e4nd f\u00f6r Vansbro-simmet, men vi jobbar f\u00f6r en stark andraplats. Vi har sedan dess vuxit och har nu huvudkontor i Vansbro och Stockholm, samt IT-hubbar i Borl\u00e4nge och Lund. Vi tror att en fysisk n\u00e4rvaro \u00e4r en f\u00f6ruts\u00e4ttning f\u00f6r en lyckad praktikperiod. Nedan kan du se var de olika delarna av v\u00e5r verksamhet h\u00e5ller till.\u00a0 IT &#8211; Vansbro, Borl\u00e4nge, LundLogistik &#8211; VansbroKundservice &#8211; Vansbro, Borl\u00e4ngeMarknad &#8211; Stockholm, VansbroOnline &#8211; Vansbro och StockholmInk\u00f6p &#8211; Vansbro och StockholmHR &#8211; Vansbro och StockholmL\u00f6n &#8211; StockholmEkonomi &#8211; StockholmProduktion &#8211; Stockholm, G\u00f6teborgSom en [&hellip;]<\/p>","protected":false},"author":4,"featured_media":0,"parent":0,"menu_order":0,"comment_status":"closed","ping_status":"closed","template":"","meta":{"_et_pb_use_builder":"on","_et_pb_old_content":"","_et_gb_content_width":"","footnotes":""},"class_list":["post-529","page","type-page","status-publish","hentry"],"featured_image_src":null,"featured_image_src_square":null,"_links":{"self":[{"href":"https:\/\/careers.lyko.com\/en\/wp-json\/wp\/v2\/pages\/529","targetHints":{"allow":["GET"]}}],"collection":[{"href":"https:\/\/careers.lyko.com\/en\/wp-json\/wp\/v2\/pages"}],"about":[{"href":"https:\/\/careers.lyko.com\/en\/wp-json\/wp\/v2\/types\/page"}],"author":[{"embeddable":true,"href":"https:\/\/careers.lyko.com\/en\/wp-json\/wp\/v2\/users\/4"}],"replies":[{"embeddable":true,"href":"https:\/\/careers.lyko.com\/en\/wp-json\/wp\/v2\/comments?post=529"}],"version-history":[{"count":0,"href":"https:\/\/careers.lyko.com\/en\/wp-json\/wp\/v2\/pages\/529\/revisions"}],"wp:attachment":[{"href":"https:\/\/careers.lyko.com\/en\/wp-json\/wp\/v2\/media?parent=529"}],"curies":[{"name":"wp","href":"https:\/\/api.w.org\/{rel}","templated":true}]}}