{"id":176,"date":"2022-11-01T14:47:01","date_gmt":"2022-11-01T14:47:01","guid":{"rendered":"https:\/\/careers.lyko.com\/?page_id=176"},"modified":"2024-10-29T13:23:43","modified_gmt":"2024-10-29T13:23:43","slug":"butik","status":"publish","type":"page","link":"https:\/\/careers.lyko.com\/en\/butik\/","title":{"rendered":"Butiksanst\u00e4lld"},"content":{"rendered":"<p>[et_pb_section fb_built=&#8221;1&#8243; fullwidth=&#8221;on&#8221; _builder_version=&#8221;4.18.0&#8243; _module_preset=&#8221;default&#8221; background_enable_image=&#8221;off&#8221; global_colors_info=&#8221;{}&#8221;][et_pb_fullwidth_header title=&#8221;Jobba i butik!&#8221; button_one_text=&#8221;Lediga jobb&#8221; button_one_url=&#8221;#toggle4&#8243; _builder_version=&#8221;4.23&#8243; _module_preset=&#8221;default&#8221; title_text_color=&#8221;#feff54&#8243; title_font_size=&#8221;83px&#8221; content_text_color=&#8221;#FFFFFF&#8221; background_enable_color=&#8221;off&#8221; background_image=&#8221;https:\/\/careers.lyko.com\/wp-content\/uploads\/2024\/10\/3.png&#8221; custom_button_one=&#8221;on&#8221; button_one_text_color=&#8221;#585CAA&#8221; button_one_bg_color=&#8221;#feff54&#8243; button_one_border_color=&#8221;RGBA(255,255,255,0)&#8221; button_one_font=&#8221;|600|||||||&#8221; button_one_use_icon=&#8221;off&#8221; title_font_size_tablet=&#8221;83px&#8221; title_font_size_phone=&#8221;50px&#8221; title_font_size_last_edited=&#8221;on|phone&#8221; title_text_shadow_style=&#8221;preset3&#8243; global_colors_info=&#8221;{}&#8221;][\/et_pb_fullwidth_header][\/et_pb_section][et_pb_section fb_built=&#8221;1&#8243; _builder_version=&#8221;4.18.0&#8243; _module_preset=&#8221;default&#8221; global_colors_info=&#8221;{}&#8221;][et_pb_row column_structure=&#8221;1_2,1_2&#8243; make_equal=&#8221;on&#8221; _builder_version=&#8221;4.18.0&#8243; _module_preset=&#8221;default&#8221; custom_css_main_element=&#8221;align-items: center;&#8221; global_colors_info=&#8221;{}&#8221;][et_pb_column type=&#8221;1_2&#8243; _builder_version=&#8221;4.18.0&#8243; _module_preset=&#8221;default&#8221; global_colors_info=&#8221;{}&#8221;][dsm_floating_multi_images floating_height=&#8221;450px&#8221; floating_height_tablet=&#8221;489px&#8221; floating_height_phone=&#8221;489px&#8221; floating_height_last_edited=&#8221;on|desktop&#8221; disabled_on=&#8221;on|on|off&#8221; _builder_version=&#8221;4.23&#8243; _module_preset=&#8221;default&#8221; module_alignment=&#8221;center&#8221; global_colors_info=&#8221;{}&#8221;][dsm_floating_multi_images_child src=&#8221;https:\/\/careers.lyko.com\/wp-content\/uploads\/2024\/10\/09_DANIEL_HALVKROPP_085.png&#8221; title_text=&#8221;09_DANIEL_HALVKROPP_085&#8243; horizontal_align=&#8221;61%&#8221; _builder_version=&#8221;4.23&#8243; _module_preset=&#8221;default&#8221; max_width=&#8221;51%&#8221; custom_margin=&#8221;||||false|false&#8221; global_colors_info=&#8221;{}&#8221;][\/dsm_floating_multi_images_child][dsm_floating_multi_images_child src=&#8221;https:\/\/careers.lyko.com\/wp-content\/uploads\/2024\/10\/01_WILLIAM_HALVKROPP_228.png&#8221; title_text=&#8221;01_WILLIAM_HALVKROPP_228&#8243; horizontal_align=&#8221;32%&#8221; vertical_align=&#8221;-11%&#8221; _builder_version=&#8221;4.23&#8243; _module_preset=&#8221;default&#8221; max_width=&#8221;61%&#8221; custom_margin=&#8221;||||false|false&#8221; global_colors_info=&#8221;{}&#8221;][\/dsm_floating_multi_images_child][dsm_floating_multi_images_child src=&#8221;https:\/\/careers.lyko.com\/wp-content\/uploads\/2024\/10\/05_KARLA_HALVKROPP_072.png&#8221; title_text=&#8221;05_KARLA_HALVKROPP_072&#8243; horizontal_align=&#8221;-24%&#8221; vertical_align=&#8221;-5%&#8221; _builder_version=&#8221;4.23&#8243; _module_preset=&#8221;default&#8221; max_width=&#8221;60%&#8221; custom_margin=&#8221;||||false|false&#8221; global_colors_info=&#8221;{}&#8221;][\/dsm_floating_multi_images_child][dsm_floating_multi_images_child vertical_align=&#8221;2%&#8221; _builder_version=&#8221;4.23&#8243; _module_preset=&#8221;default&#8221; custom_margin=&#8221;||||false|false&#8221; global_colors_info=&#8221;{}&#8221;][\/dsm_floating_multi_images_child][dsm_floating_multi_images_child src=&#8221;https:\/\/careers.lyko.com\/wp-content\/uploads\/2024\/10\/21_DUBBEL_078.png&#8221; title_text=&#8221;21_DUBBEL_078&#8243; vertical_align=&#8221;-4%&#8221; _builder_version=&#8221;4.23&#8243; _module_preset=&#8221;default&#8221; transform_translate=&#8221;-6px|12px&#8221; transform_translate_linked=&#8221;off&#8221; max_width=&#8221;61%&#8221; custom_margin=&#8221;||||false|false&#8221; global_colors_info=&#8221;{}&#8221;][\/dsm_floating_multi_images_child][\/dsm_floating_multi_images][\/et_pb_column][et_pb_column type=&#8221;1_2&#8243; _builder_version=&#8221;4.18.0&#8243; _module_preset=&#8221;default&#8221; global_colors_info=&#8221;{}&#8221;][et_pb_text _builder_version=&#8221;4.22.1&#8243; _module_preset=&#8221;default&#8221; text_font=&#8221;TT Commons Regular||||||||&#8221; text_font_size=&#8221;24px&#8221; header_font_size=&#8221;53px&#8221; position_origin_a=&#8221;center_left&#8221; position_origin_f=&#8221;center_right&#8221; width=&#8221;100%&#8221; min_height=&#8221;254.6px&#8221; global_colors_info=&#8221;{}&#8221;]<\/p>\n<h1 class=\"et_pb_module_header\"><span>Skapa wow-k\u00e4nsla!<\/span><\/h1>\n<p><span>Sl\u00e4nger man upp Lyko i luften \u00e4r det l\u00e4tt att t\u00e4nka e-handel, men visste du att vi har fler \u00e4n 30 butiker och 70 fris\u00f6rer ocks\u00e5! Vi tror n\u00e4mligen stenh\u00e5rt p\u00e5 kombinationen av sk\u00f6nhet och service\u00a0med ambitionen att locka fram det allra b\u00e4sta ur varje kund! F\u00f6r att lyckas med det beh\u00f6ver vi dig, s\u00e5 s\u00f6k bara s\u00f6k!<\/span><\/p>\n<p>[\/et_pb_text][\/et_pb_column][\/et_pb_row][\/et_pb_section][et_pb_section fb_built=&#8221;1&#8243; _builder_version=&#8221;4.18.0&#8243; _module_preset=&#8221;default&#8221; background_color=&#8221;#A7D6C3&#8243; background_enable_image=&#8221;off&#8221; global_colors_info=&#8221;{}&#8221;][et_pb_row column_structure=&#8221;1_2,1_2&#8243; make_equal=&#8221;on&#8221; _builder_version=&#8221;4.18.0&#8243; _module_preset=&#8221;default&#8221; custom_css_main_element=&#8221;align-items: center;&#8221; global_colors_info=&#8221;{}&#8221;][et_pb_column type=&#8221;1_2&#8243; _builder_version=&#8221;4.18.0&#8243; _module_preset=&#8221;default&#8221; global_colors_info=&#8221;{}&#8221;][dsm_block_reveal_text block_reveal_text=&#8221;Beauty bonanza deluxe&#8221; block_reveal_color=&#8221;#009080&#8243; _builder_version=&#8221;4.22.1&#8243; _module_preset=&#8221;default&#8221; header_text_color=&#8221;#009080&#8243; header_font_size=&#8221;53px&#8221; global_colors_info=&#8221;{}&#8221;][\/dsm_block_reveal_text][et_pb_text _builder_version=&#8221;4.18.0&#8243; _module_preset=&#8221;default&#8221; text_font_size=&#8221;24px&#8221; global_colors_info=&#8221;{}&#8221;]<\/p>\n<p><span>P\u00e5 Lyko vill vi inte bara att v\u00e5ra kunder ska gilla oss. Vi vill att de ska \u00c4LSKA oss! Det g\u00f6r vi genom att ge kunden en WOW-upplevelse hen sent ska gl\u00f6mma! S\u00e5 om du har &#8221;the WOW-factor&#8221;, s\u00f6k ett av<\/span><span>\u00a0v\u00e5ra lediga jobb!<\/span><\/p>\n<p>[\/et_pb_text][\/et_pb_column][et_pb_column type=&#8221;1_2&#8243; _builder_version=&#8221;4.18.0&#8243; _module_preset=&#8221;default&#8221; global_colors_info=&#8221;{}&#8221;][et_pb_video src=&#8221;http:\/\/www.youtube.com\/watch?v=CD4HGvaGNlM&#038;feature=emb_title&#8221; _builder_version=&#8221;4.23&#8243; _module_preset=&#8221;default&#8221; hover_enabled=&#8221;0&#8243; global_colors_info=&#8221;{}&#8221; title_text=&#8221;2&#8243; image_src=&#8221;https:\/\/careers.lyko.com\/wp-content\/uploads\/2024\/10\/2.jpg&#8221; sticky_enabled=&#8221;0&#8243;][\/et_pb_video][\/et_pb_column][\/et_pb_row][\/et_pb_section][et_pb_section fb_built=&#8221;1&#8243; _builder_version=&#8221;4.18.0&#8243; _module_preset=&#8221;default&#8221; custom_padding=&#8221;||13px|||&#8221; global_colors_info=&#8221;{}&#8221;][et_pb_row _builder_version=&#8221;4.18.0&#8243; _module_preset=&#8221;default&#8221; global_colors_info=&#8221;{}&#8221;][et_pb_column type=&#8221;4_4&#8243; _builder_version=&#8221;4.18.0&#8243; _module_preset=&#8221;default&#8221; global_colors_info=&#8221;{}&#8221;][dsm_block_reveal_text block_reveal_text=&#8221;Varf\u00f6r jobba hos oss d\u00e5?&#8221; block_reveal_color=&#8221;#A7D6C3&#8243; _builder_version=&#8221;4.22.1&#8243; _module_preset=&#8221;default&#8221; header_text_align=&#8221;center&#8221; header_font_size=&#8221;55px&#8221; global_colors_info=&#8221;{}&#8221;][\/dsm_block_reveal_text][\/et_pb_column][\/et_pb_row][et_pb_row column_structure=&#8221;1_5,3_5,1_5&#8243; _builder_version=&#8221;4.18.0&#8243; _module_preset=&#8221;default&#8221; global_colors_info=&#8221;{}&#8221;][et_pb_column type=&#8221;1_5&#8243; _builder_version=&#8221;4.18.0&#8243; _module_preset=&#8221;default&#8221; global_colors_info=&#8221;{}&#8221;][\/et_pb_column][et_pb_column type=&#8221;3_5&#8243; _builder_version=&#8221;4.18.0&#8243; _module_preset=&#8221;default&#8221; global_colors_info=&#8221;{}&#8221;][et_pb_text _builder_version=&#8221;4.18.0&#8243; _module_preset=&#8221;default&#8221; text_font_size=&#8221;23px&#8221; text_line_height=&#8221;1.3em&#8221; custom_margin=&#8221;||||false|false&#8221; custom_margin_tablet=&#8221;|||0px|false|false&#8221; custom_margin_phone=&#8221;|||0px|false|false&#8221; custom_margin_last_edited=&#8221;on|tablet&#8221; global_colors_info=&#8221;{}&#8221;]<\/p>\n<p style=\"text-align: center;\">Helt uppenbart s\u00e5 \u00e4r vi ju Sveriges sk\u00f6naste arbetsgivare, men du kanske kr\u00e4ver mer \u00f6vertalning \u00e4n s\u00e5? I knew it&#8230; Vi har samlat tre bra anledningar nedan!<\/p>\n<p style=\"text-align: left;\">[\/et_pb_text][\/et_pb_column][et_pb_column type=&#8221;1_5&#8243; _builder_version=&#8221;4.18.0&#8243; _module_preset=&#8221;default&#8221; global_colors_info=&#8221;{}&#8221;][\/et_pb_column][\/et_pb_row][et_pb_row _builder_version=&#8221;4.18.0&#8243; _module_preset=&#8221;default&#8221; global_colors_info=&#8221;{}&#8221;][et_pb_column type=&#8221;4_4&#8243; _builder_version=&#8221;4.18.0&#8243; _module_preset=&#8221;default&#8221; global_colors_info=&#8221;{}&#8221;][\/et_pb_column][\/et_pb_row][\/et_pb_section][et_pb_section fb_built=&#8221;1&#8243; _builder_version=&#8221;4.18.0&#8243; _module_preset=&#8221;default&#8221; custom_margin=&#8221;-120px||||false|false&#8221; custom_padding=&#8221;||15px|||&#8221; global_colors_info=&#8221;{}&#8221;][et_pb_row column_structure=&#8221;1_3,1_3,1_3&#8243; _builder_version=&#8221;4.18.0&#8243; _module_preset=&#8221;default&#8221; custom_margin=&#8221;|auto|68px|auto||&#8221; global_colors_info=&#8221;{}&#8221;][et_pb_column type=&#8221;1_3&#8243; _builder_version=&#8221;4.18.0&#8243; _module_preset=&#8221;default&#8221; global_colors_info=&#8221;{}&#8221;][et_pb_blurb title=&#8221;Trygghet&#8221; image=&#8221;https:\/\/careers.lyko.com\/wp-content\/uploads\/2022\/11\/20_Lyko-Store-1.jpeg&#8221; _builder_version=&#8221;4.22.1&#8243; _module_preset=&#8221;default&#8221; header_font_size=&#8221;31px&#8221; body_font_size=&#8221;20px&#8221; custom_margin=&#8221;||20px||false|false&#8221; global_colors_info=&#8221;{}&#8221;]<\/p>\n<p><span center=\"\"><span class=\"s1\">P\u00e5 Lyko ser vi det som en sj\u00e4lvklart att ge v\u00e5ra medarbetare trygga anst\u00e4llningsvillkor. D\u00e4rf\u00f6r omfattas du som butiksmedarbetare av\u00a0b\u00e5de kollektivavtal och avtalspension av Lyko.\u00a0<\/span><\/span><span center=\"\"><span class=\"s1\">Hur bra?!<\/span><\/span><\/p>\n<p>[\/et_pb_blurb][\/et_pb_column][et_pb_column type=&#8221;1_3&#8243; _builder_version=&#8221;4.18.0&#8243; _module_preset=&#8221;default&#8221; global_colors_info=&#8221;{}&#8221;][et_pb_blurb title=&#8221;H\u00e4lsa&#8221; image=&#8221;https:\/\/careers.lyko.com\/wp-content\/uploads\/2022\/11\/10_Lyko-Store-1.jpeg&#8221; _builder_version=&#8221;4.22.1&#8243; _module_preset=&#8221;default&#8221; header_font_size=&#8221;31px&#8221; body_font_size=&#8221;20px&#8221; custom_margin=&#8221;||20px||false|false&#8221; global_colors_info=&#8221;{}&#8221;]<\/p>\n<p><span>Dags att ta tag i tr\u00e4ningen? F\u00f6r att ge dig som medarbetare f\u00f6ruts\u00e4ttningar att ta hand om din h\u00e4lsa och vara ditt b\u00e4sta jag ger vi dig ett gener\u00f6st friskv\u00e5rdsbidrag per \u00e5r och rabatt p\u00e5 SATS! Schysst va?!<\/span><\/p>\n<p>[\/et_pb_blurb][\/et_pb_column][et_pb_column type=&#8221;1_3&#8243; _builder_version=&#8221;4.18.0&#8243; _module_preset=&#8221;default&#8221; global_colors_info=&#8221;{}&#8221;][et_pb_image src=&#8221;https:\/\/careers.lyko.com\/wp-content\/uploads\/2022\/11\/ezgif.com-gif-maker-20.gif&#8221; title_text=&#8221;ezgif.com-gif-maker (20)&#8221; align=&#8221;right&#8221; disabled_on=&#8221;on|on|off&#8221; _builder_version=&#8221;4.18.0&#8243; _module_preset=&#8221;default&#8221; transform_scale=&#8221;168%|168%&#8221; transform_translate=&#8221;95px|-8px&#8221; width=&#8221;42%&#8221; module_alignment=&#8221;left&#8221; custom_margin=&#8221;-203px||||false|false&#8221; custom_margin_tablet=&#8221;-203px||||false|false&#8221; custom_margin_phone=&#8221;-203px||||false|false&#8221; custom_margin_last_edited=&#8221;on|desktop&#8221; custom_padding=&#8221;||||false|false&#8221; global_colors_info=&#8221;{}&#8221;][\/et_pb_image][et_pb_blurb title=&#8221;..och schyssta rabatter&#8221; image=&#8221;https:\/\/careers.lyko.com\/wp-content\/uploads\/2022\/11\/23_Lyko-Store.jpeg&#8221; _builder_version=&#8221;4.18.0&#8243; _module_preset=&#8221;default&#8221; header_font_size=&#8221;31px&#8221; body_font_size=&#8221;20px&#8221; global_colors_info=&#8221;{}&#8221;]<\/p>\n<p><span>Dags att fylla p\u00e5 badrumssk\u00e5pet? P\u00e5 Lyko har vi \u00f6ver 55 000 sk\u00f6nhetsprodukter och sj\u00e4lvklart f\u00e5r du som anst\u00e4lld schyssta rabatter p\u00e5 b\u00e5de produkter och behandlingar hos oss. Sweet!<\/span><\/p>\n<p>[\/et_pb_blurb][\/et_pb_column][\/et_pb_row][\/et_pb_section][et_pb_section fb_built=&#8221;1&#8243; fullwidth=&#8221;on&#8221; disabled_on=&#8221;off|off|off&#8221; _builder_version=&#8221;4.18.0&#8243; _module_preset=&#8221;default&#8221; custom_margin=&#8221;||||false|false&#8221; global_colors_info=&#8221;{}&#8221;][et_pb_fullwidth_image title_text=&#8221;kund&#8221; _builder_version=&#8221;4.23&#8243; _module_preset=&#8221;default&#8221; background_image=&#8221;https:\/\/careers.lyko.com\/wp-content\/uploads\/2023\/07\/kund-scaled.jpg&#8221; min_height=&#8221;663px&#8221; min_height_tablet=&#8221;500px&#8221; min_height_phone=&#8221;311px&#8221; min_height_last_edited=&#8221;on|desktop&#8221; animation_style=&#8221;flip&#8221; global_colors_info=&#8221;{}&#8221;][\/et_pb_fullwidth_image][\/et_pb_section][et_pb_section fb_built=&#8221;1&#8243; disabled_on=&#8221;off|off|off&#8221; _builder_version=&#8221;4.18.0&#8243; _module_preset=&#8221;default&#8221; background_color=&#8221;#A7D6C3&#8243; background_enable_image=&#8221;off&#8221; min_height=&#8221;306.2px&#8221; custom_padding=&#8221;||4px|||&#8221; global_colors_info=&#8221;{}&#8221;][et_pb_row _builder_version=&#8221;4.18.0&#8243; _module_preset=&#8221;default&#8221; global_colors_info=&#8221;{}&#8221;][et_pb_column type=&#8221;4_4&#8243; _builder_version=&#8221;4.18.0&#8243; _module_preset=&#8221;default&#8221; global_colors_info=&#8221;{}&#8221;][dsm_block_reveal_text block_reveal_text=&#8221;Kolla in oss p\u00e5 youtube:&#8221; block_reveal_color=&#8221;#009080&#8243; _builder_version=&#8221;4.22.1&#8243; _module_preset=&#8221;default&#8221; header_text_align=&#8221;left&#8221; header_text_color=&#8221;#009080&#8243; header_font_size=&#8221;53px&#8221; global_colors_info=&#8221;{}&#8221;][\/dsm_block_reveal_text][\/et_pb_column][\/et_pb_row][et_pb_row disabled_on=&#8221;on|on|off&#8221; _builder_version=&#8221;4.18.0&#8243; _module_preset=&#8221;default&#8221; min_height=&#8221;467px&#8221; global_colors_info=&#8221;{}&#8221;][et_pb_column type=&#8221;4_4&#8243; _builder_version=&#8221;4.18.0&#8243; _module_preset=&#8221;default&#8221; global_colors_info=&#8221;{}&#8221;][dsm_image_accordion disabled_on=&#8221;off|off|off&#8221; _builder_version=&#8221;4.18.0&#8243; _module_preset=&#8221;default&#8221; global_colors_info=&#8221;{}&#8221;][dsm_image_accordion_child image_accordion_src=&#8221;https:\/\/careers.lyko.com\/wp-content\/uploads\/2022\/11\/Elle_3-2.png&#8221; _builder_version=&#8221;4.18.0&#8243; _module_preset=&#8221;default&#8221; link_option_url=&#8221;https:\/\/www.youtube.com\/watch?v=UB7lqFe0BsY&#8221; link_option_url_new_window=&#8221;on&#8221; global_colors_info=&#8221;{}&#8221;][\/dsm_image_accordion_child][dsm_image_accordion_child image_accordion_src=&#8221;https:\/\/careers.lyko.com\/wp-content\/uploads\/2022\/11\/Ska\u0308rmavbild-2022-11-03-kl.-18.36.23-1.png&#8221; _builder_version=&#8221;4.18.0&#8243; _module_preset=&#8221;default&#8221; link_option_url=&#8221;https:\/\/www.youtube.com\/watch?v=eoM5B_8lXTw&#8221; link_option_url_new_window=&#8221;on&#8221; global_colors_info=&#8221;{}&#8221;][\/dsm_image_accordion_child][dsm_image_accordion_child image_accordion_src=&#8221;https:\/\/careers.lyko.com\/wp-content\/uploads\/2023\/03\/Skarmavbild-2023-03-09-kl.-16.35.29.png&#8221; _builder_version=&#8221;4.18.0&#8243; _module_preset=&#8221;default&#8221; link_option_url=&#8221;https:\/\/youtu.be\/xSXsKL1DzU4&#8243; link_option_url_new_window=&#8221;on&#8221; global_colors_info=&#8221;{}&#8221;][\/dsm_image_accordion_child][\/dsm_image_accordion][\/et_pb_column][\/et_pb_row][et_pb_row _builder_version=&#8221;4.18.0&#8243; _module_preset=&#8221;default&#8221; global_colors_info=&#8221;{}&#8221;][et_pb_column type=&#8221;4_4&#8243; _builder_version=&#8221;4.18.0&#8243; _module_preset=&#8221;default&#8221; global_colors_info=&#8221;{}&#8221;][et_pb_code disabled_on=&#8221;off|off|on&#8221; _builder_version=&#8221;4.18.0&#8243; _module_preset=&#8221;default&#8221; global_colors_info=&#8221;{}&#8221;]<iframe loading=\"lazy\" width=\"560\" height=\"315\" src=\"https:\/\/www.youtube.com\/embed\/UB7lqFe0BsY\" title=\"YouTube video player\" frameborder=\"0\" allow=\"accelerometer; autoplay; clipboard-write; encrypted-media; gyroscope; picture-in-picture\" allowfullscreen><\/iframe>[\/et_pb_code][et_pb_code disabled_on=&#8221;off|off|on&#8221; _builder_version=&#8221;4.18.0&#8243; _module_preset=&#8221;default&#8221; global_colors_info=&#8221;{}&#8221;]<iframe loading=\"lazy\" width=\"560\" height=\"315\" src=\"https:\/\/www.youtube.com\/embed\/eoM5B_8lXTw\" title=\"YouTube video player\" frameborder=\"0\" allow=\"accelerometer; autoplay; clipboard-write; encrypted-media; gyroscope; picture-in-picture\" allowfullscreen><\/iframe>[\/et_pb_code][et_pb_code disabled_on=&#8221;off|off|on&#8221; _builder_version=&#8221;4.18.0&#8243; _module_preset=&#8221;default&#8221; custom_margin=&#8221;||50px||false|false&#8221; global_colors_info=&#8221;{}&#8221;]<iframe loading=\"lazy\" width=\"560\" height=\"315\" src=\"https:\/\/www.youtube.com\/embed\/3Dy_rMHbEUc\" title=\"YouTube video player\" frameborder=\"0\" allow=\"accelerometer; autoplay; clipboard-write; encrypted-media; gyroscope; picture-in-picture\" allowfullscreen><\/iframe>[\/et_pb_code][\/et_pb_column][\/et_pb_row][\/et_pb_section][et_pb_section fb_built=&#8221;1&#8243; _builder_version=&#8221;4.18.0&#8243; _module_preset=&#8221;default&#8221; custom_padding=&#8221;||10px|||&#8221; global_colors_info=&#8221;{}&#8221;][et_pb_row make_equal=&#8221;on&#8221; module_id=&#8221;toggle4&#8243; _builder_version=&#8221;4.18.0&#8243; _module_preset=&#8221;default&#8221; custom_css_main_element=&#8221;align-items: center;&#8221; global_colors_info=&#8221;{}&#8221;][et_pb_column type=&#8221;4_4&#8243; _builder_version=&#8221;4.18.0&#8243; _module_preset=&#8221;default&#8221; global_colors_info=&#8221;{}&#8221;][et_pb_blurb title=&#8221;Bye bye CV och personligt brev&#8221; use_icon=&#8221;on&#8221; _builder_version=&#8221;4.22.1&#8243; _module_preset=&#8221;default&#8221; header_font_size=&#8221;53px&#8221; body_font_size=&#8221;24px&#8221; text_orientation=&#8221;center&#8221; global_colors_info=&#8221;{}&#8221;]<\/p>\n<p><span>Just ja, en sista sak! Kom ih\u00e5g att du inte beh\u00f6ver ha CV eller personligt brev f\u00f6r att s\u00f6ka jobb hos oss. P\u00e5 Lyko tror vi n\u00e4mligen att vem du \u00e4r och vad du har f\u00f6r f\u00f6rm\u00e5gor \u00e4r viktigare \u00e4n din tidigare erfarenhet. Bra va?!<\/span><\/p>\n<p>[\/et_pb_blurb][\/et_pb_column][\/et_pb_row][\/et_pb_section][et_pb_section fb_built=&#8221;1&#8243; _builder_version=&#8221;4.18.0&#8243; _module_preset=&#8221;default&#8221; custom_padding=&#8221;10px|||||&#8221; global_colors_info=&#8221;{}&#8221;][et_pb_row _builder_version=&#8221;4.18.0&#8243; _module_preset=&#8221;default&#8221; global_colors_info=&#8221;{}&#8221;][et_pb_column type=&#8221;4_4&#8243; _builder_version=&#8221;4.18.0&#8243; _module_preset=&#8221;default&#8221; global_colors_info=&#8221;{}&#8221;][et_pb_code _builder_version=&#8221;4.22.1&#8243; _module_preset=&#8221;default&#8221; width=&#8221;70%&#8221; width_tablet=&#8221;100%&#8221; width_phone=&#8221;100%&#8221; width_last_edited=&#8221;on|tablet&#8221; module_alignment=&#8221;center&#8221; global_colors_info=&#8221;{}&#8221;]<\/p>\n<div id=\"jobylon-jobs-widget\"><\/div>\n<p><!-- [et_pb_line_break_holder] --><script type=\"text\/javascript\"><!-- [et_pb_line_break_holder] --><!-- [et_pb_line_break_holder] -->  \/*** CONFIGURATION ***\/<!-- [et_pb_line_break_holder] -->  var jbl_company_id = 2420;<!-- [et_pb_line_break_holder] -->  var jbl_version = 'v2';<!-- [et_pb_line_break_holder] -->  var jbl_page_size = 50;<!-- [et_pb_line_break_holder] -->  var jbl_filters = { <!-- [et_pb_line_break_holder] -->    layers_1_ids: [13009, 13013]<!-- [et_pb_line_break_holder] --> };<!-- [et_pb_line_break_holder] --><!-- [et_pb_line_break_holder] --><!-- [et_pb_line_break_holder] -->  \/*** DON'T EDIT BELOW THIS LINE ***\/<!-- [et_pb_line_break_holder] -->  (function() {<!-- [et_pb_line_break_holder] -->    var el = document.createElement('script');<!-- [et_pb_line_break_holder] -->    el.src = 'https:\/\/cdn.jobylon.com\/embedder.js';<!-- [et_pb_line_break_holder] -->    el.type = 'text\/javascript';<!-- [et_pb_line_break_holder] -->    el.async = true;<!-- [et_pb_line_break_holder] -->    d = (document.getElementsByTagName('head')[0] || document.getElementsByTagName('body')[0]);<!-- [et_pb_line_break_holder] -->    d.appendChild(el);<!-- [et_pb_line_break_holder] -->  })();<!-- [et_pb_line_break_holder] --><\/script>[\/et_pb_code][\/et_pb_column][\/et_pb_row][\/et_pb_section]<\/p>","protected":false},"excerpt":{"rendered":"<p>Sl\u00e4nger man upp Lyko i luften \u00e4r det l\u00e4tt att t\u00e4nka e-handel, men visste du att vi har fler \u00e4n 30 butiker och 70 fris\u00f6rer ocks\u00e5! Vi tror n\u00e4mligen stenh\u00e5rt p\u00e5 kombinationen av sk\u00f6nhet och service med ambitionen att locka fram det allra b\u00e4sta ur varje kund! F\u00f6r att lyckas med det beh\u00f6ver vi dig, s\u00e5 s\u00f6k bara s\u00f6k!<\/p>","protected":false},"author":2,"featured_media":209,"parent":0,"menu_order":0,"comment_status":"closed","ping_status":"closed","template":"","meta":{"_et_pb_use_builder":"on","_et_pb_old_content":"","_et_gb_content_width":"","footnotes":""},"class_list":["post-176","page","type-page","status-publish","has-post-thumbnail","hentry"],"featured_image_src":"https:\/\/careers.lyko.com\/wp-content\/uploads\/2022\/11\/fabulous_1920x1080pxl-600x400.webp","featured_image_src_square":"https:\/\/careers.lyko.com\/wp-content\/uploads\/2022\/11\/fabulous_1920x1080pxl-600x540.webp","_links":{"self":[{"href":"https:\/\/careers.lyko.com\/en\/wp-json\/wp\/v2\/pages\/176","targetHints":{"allow":["GET"]}}],"collection":[{"href":"https:\/\/careers.lyko.com\/en\/wp-json\/wp\/v2\/pages"}],"about":[{"href":"https:\/\/careers.lyko.com\/en\/wp-json\/wp\/v2\/types\/page"}],"author":[{"embeddable":true,"href":"https:\/\/careers.lyko.com\/en\/wp-json\/wp\/v2\/users\/2"}],"replies":[{"embeddable":true,"href":"https:\/\/careers.lyko.com\/en\/wp-json\/wp\/v2\/comments?post=176"}],"version-history":[{"count":0,"href":"https:\/\/careers.lyko.com\/en\/wp-json\/wp\/v2\/pages\/176\/revisions"}],"wp:featuredmedia":[{"embeddable":true,"href":"https:\/\/careers.lyko.com\/en\/wp-json\/wp\/v2\/media\/209"}],"wp:attachment":[{"href":"https:\/\/careers.lyko.com\/en\/wp-json\/wp\/v2\/media?parent=176"}],"curies":[{"name":"wp","href":"https:\/\/api.w.org\/{rel}","templated":true}]}}