{"id":131,"date":"2022-11-01T14:47:48","date_gmt":"2022-11-01T14:47:48","guid":{"rendered":"https:\/\/careers.lyko.com\/?page_id=131"},"modified":"2024-10-29T10:44:39","modified_gmt":"2024-10-29T10:44:39","slug":"frisor","status":"publish","type":"page","link":"https:\/\/careers.lyko.com\/en\/frisor\/","title":{"rendered":"Hairdresser at Lyko"},"content":{"rendered":"<p>[et_pb_section fb_built=&#8221;1&#8243; fullwidth=&#8221;on&#8221; _builder_version=&#8221;4.18.0&#8243; _module_preset=&#8221;default&#8221; background_enable_image=&#8221;off&#8221; global_colors_info=&#8221;{}&#8221;][et_pb_fullwidth_header title=&#8221;Fris\u00f6r p\u00e5 Lyko&#8221; button_one_text=&#8221;Lediga jobb&#8221; button_one_url=&#8221;#toggle4&#8243; _builder_version=&#8221;4.23&#8243; _module_preset=&#8221;default&#8221; title_text_color=&#8221;#feff54&#8243; title_font_size=&#8221;83px&#8221; content_text_color=&#8221;#FFFFFF&#8221; background_image=&#8221;https:\/\/careers.lyko.com\/wp-content\/uploads\/2024\/10\/3.png&#8221; custom_button_one=&#8221;on&#8221; button_one_text_color=&#8221;#585CAA&#8221; button_one_bg_color=&#8221;#feff54&#8243; button_one_border_color=&#8221;RGBA(255,255,255,0)&#8221; button_one_font=&#8221;|600|||||||&#8221; button_one_use_icon=&#8221;off&#8221; title_font_size_tablet=&#8221;83px&#8221; title_font_size_phone=&#8221;50px&#8221; title_font_size_last_edited=&#8221;on|phone&#8221; title_text_shadow_style=&#8221;preset3&#8243; global_colors_info=&#8221;{}&#8221;][\/et_pb_fullwidth_header][\/et_pb_section][et_pb_section fb_built=&#8221;1&#8243; _builder_version=&#8221;4.18.0&#8243; _module_preset=&#8221;default&#8221; global_colors_info=&#8221;{}&#8221; custom_padding=&#8221;||3px|||&#8221;][et_pb_row column_structure=&#8221;1_2,1_2&#8243; make_equal=&#8221;on&#8221; _builder_version=&#8221;4.18.0&#8243; _module_preset=&#8221;default&#8221; custom_css_main_element=&#8221;align-items: center;&#8221; global_colors_info=&#8221;{}&#8221;][et_pb_column type=&#8221;1_2&#8243; _builder_version=&#8221;4.18.0&#8243; _module_preset=&#8221;default&#8221; global_colors_info=&#8221;{}&#8221;][dsm_floating_multi_images floating_height=&#8221;434px&#8221; floating_height_tablet=&#8221;489px&#8221; floating_height_phone=&#8221;489px&#8221; floating_height_last_edited=&#8221;on|desktop&#8221; disabled_on=&#8221;on|on|off&#8221; _builder_version=&#8221;4.23&#8243; _module_preset=&#8221;default&#8221; module_alignment=&#8221;center&#8221; global_colors_info=&#8221;{}&#8221;][dsm_floating_multi_images_child src=&#8221;https:\/\/careers.lyko.com\/wp-content\/uploads\/2024\/10\/17_REBEKKAH_HALVKROPP_041.png&#8221; title_text=&#8221;17_REBEKKAH_HALVKROPP_041&#8243; horizontal_align=&#8221;44%&#8221; _builder_version=&#8221;4.23&#8243; _module_preset=&#8221;default&#8221; custom_margin=&#8221;||||false|false&#8221; global_colors_info=&#8221;{}&#8221;][\/dsm_floating_multi_images_child][dsm_floating_multi_images_child src=&#8221;https:\/\/careers.lyko.com\/wp-content\/uploads\/2024\/10\/09_DANIEL_HALVKROPP_012.png&#8221; title_text=&#8221;09_DANIEL_HALVKROPP_012&#8243; horizontal_align=&#8221;-16%&#8221; vertical_align=&#8221;-5%&#8221; _builder_version=&#8221;4.23&#8243; _module_preset=&#8221;default&#8221; custom_margin=&#8221;||||false|false&#8221; global_colors_info=&#8221;{}&#8221;][\/dsm_floating_multi_images_child][dsm_floating_multi_images_child src=&#8221;https:\/\/careers.lyko.com\/wp-content\/uploads\/2024\/10\/05_KARLA_HALVKROPP_072.png&#8221; title_text=&#8221;05_KARLA_HALVKROPP_072&#8243; vertical_align=&#8221;2%&#8221; _builder_version=&#8221;4.23&#8243; _module_preset=&#8221;default&#8221; custom_margin=&#8221;||||false|false&#8221; global_colors_info=&#8221;{}&#8221;][\/dsm_floating_multi_images_child][dsm_floating_multi_images_child src=&#8221;https:\/\/careers.lyko.com\/wp-content\/uploads\/2024\/10\/01_WILLIAM_HALVKROPP_228.png&#8221; title_text=&#8221;01_WILLIAM_HALVKROPP_228&#8243; horizontal_align=&#8221;21%&#8221; _builder_version=&#8221;4.23&#8243; _module_preset=&#8221;default&#8221; custom_margin=&#8221;||||false|false&#8221; global_colors_info=&#8221;{}&#8221;][\/dsm_floating_multi_images_child][dsm_floating_multi_images_child title_text=&#8221;13_NIKITA_HALVKROPP_011&#8243; vertical_align=&#8221;14%&#8221; _builder_version=&#8221;4.23&#8243; _module_preset=&#8221;default&#8221; transform_translate=&#8221;-6px|12px&#8221; transform_translate_linked=&#8221;off&#8221; max_width=&#8221;49%&#8221; custom_margin=&#8221;||||false|false&#8221; global_colors_info=&#8221;{}&#8221;][\/dsm_floating_multi_images_child][\/dsm_floating_multi_images][\/et_pb_column][et_pb_column type=&#8221;1_2&#8243; _builder_version=&#8221;4.18.0&#8243; _module_preset=&#8221;default&#8221; global_colors_info=&#8221;{}&#8221;][et_pb_text _builder_version=&#8221;4.22.1&#8243; _module_preset=&#8221;default&#8221; text_font=&#8221;TT Commons Regular||||||||&#8221; text_font_size=&#8221;24px&#8221; header_font_size=&#8221;53px&#8221; position_origin_a=&#8221;center_left&#8221; position_origin_f=&#8221;center_right&#8221; width=&#8221;100%&#8221; global_colors_info=&#8221;{}&#8221;]<\/p>\n<h1 class=\"et_pb_module_header\"><span>\u00c4lskade fris\u00f6r!<\/span><\/h1>\n<p><span>Kanske visste du inte att Lyko \u00e4r sprunget ur Rita och Stefan Lykos fris\u00f6rsalong i Dalarna? D\u00e4rf\u00f6r ligger fris\u00f6ryrket extra varmt om hj\u00e4rtat &#8211;\u00a0 det \u00e4r en del av v\u00e5rt DNA. Vi<\/span><span>\u00a0letar hela tiden efter nya fris\u00f6rtalanger som vill g\u00f6ra alla kunder som sitter i deras stol till v\u00e4rldens lyckligaste (och snyggaste)! \ud83d\udc87 <\/span><\/p>\n<p><span>S\u00e5 \u00e4r du en utbildad fris\u00f6r som alltid s\u00e4tter din kunds h\u00e5r och v\u00e4lm\u00e5ende fr\u00e4mst, d\u00e5 letar vi efter dig!\u00a0<\/span><\/p>\n<p>&nbsp;<\/p>\n<p>[\/et_pb_text][\/et_pb_column][\/et_pb_row][\/et_pb_section][et_pb_section fb_built=&#8221;1&#8243; fullwidth=&#8221;on&#8221; _builder_version=&#8221;4.23&#8243; _module_preset=&#8221;default&#8221; global_colors_info=&#8221;{}&#8221;][et_pb_fullwidth_image src=&#8221;https:\/\/careers.lyko.com\/wp-content\/uploads\/2024\/10\/fabship_drottninggatan_12.jpg&#8221; title_text=&#8221;fabship_drottninggatan_12&#8243; _builder_version=&#8221;4.23&#8243; _module_preset=&#8221;default&#8221; global_colors_info=&#8221;{}&#8221;][\/et_pb_fullwidth_image][\/et_pb_section][et_pb_section fb_built=&#8221;1&#8243; _builder_version=&#8221;4.18.0&#8243; _module_preset=&#8221;default&#8221; background_color=&#8221;#BDBDE1&#8243; custom_padding=&#8221;69px||13px|||&#8221; global_colors_info=&#8221;{}&#8221;][et_pb_row _builder_version=&#8221;4.18.0&#8243; _module_preset=&#8221;default&#8221; min_height=&#8221;96px&#8221; global_colors_info=&#8221;{}&#8221;][et_pb_column type=&#8221;4_4&#8243; _builder_version=&#8221;4.18.0&#8243; _module_preset=&#8221;default&#8221; global_colors_info=&#8221;{}&#8221;][dsm_block_reveal_text block_reveal_text=&#8221;Varf\u00f6r jobba hos oss d\u00e5?&#8221; block_reveal_color=&#8221;#585CAA&#8221; _builder_version=&#8221;4.22.1&#8243; _module_preset=&#8221;default&#8221; header_text_align=&#8221;center&#8221; header_text_color=&#8221;#585CAA&#8221; header_font_size=&#8221;55px&#8221; global_colors_info=&#8221;{}&#8221;][\/dsm_block_reveal_text][\/et_pb_column][\/et_pb_row][et_pb_row _builder_version=&#8221;4.18.0&#8243; _module_preset=&#8221;default&#8221; global_colors_info=&#8221;{}&#8221;][et_pb_column type=&#8221;4_4&#8243; _builder_version=&#8221;4.18.0&#8243; _module_preset=&#8221;default&#8221; global_colors_info=&#8221;{}&#8221;][et_pb_text _builder_version=&#8221;4.18.0&#8243; _module_preset=&#8221;default&#8221; text_font_size=&#8221;23px&#8221; text_line_height=&#8221;1.3em&#8221; max_width=&#8221;700px&#8221; max_width_tablet=&#8221;700px&#8221; max_width_phone=&#8221;700px&#8221; max_width_last_edited=&#8221;on|desktop&#8221; module_alignment=&#8221;center&#8221; custom_margin=&#8221;||||false|false&#8221; global_colors_info=&#8221;{}&#8221;]<\/p>\n<p style=\"text-align: center;\">Helt uppenbart s\u00e5 \u00e4r vi ju Sveriges sk\u00f6naste arbetsgivare, men du kanske kr\u00e4ver mer \u00f6vertalning \u00e4n s\u00e5? I knew it&#8230; Vi har samlat sex bra anledningar nedan!<\/p>\n<p style=\"text-align: center;\">och <strong>PSSST!<\/strong> Vi har h\u00f6rt att det inte \u00e4r s\u00e5 vanligt med kollektivavtal inom fris\u00f6ryrket&#8230; tur att vi gillar att vara annorlunda d\u00e5 &#8211; f\u00f6r vem gillar inte 5 veckors betald semester?!<\/p>\n<p style=\"text-align: left;\">\n<p>[\/et_pb_text][\/et_pb_column][\/et_pb_row][\/et_pb_section][et_pb_section fb_built=&#8221;1&#8243; prev_background_color=&#8221;#BDBDE1&#8243; _builder_version=&#8221;4.18.0&#8243; _module_preset=&#8221;default&#8221; min_height=&#8221;402.2px&#8221; custom_padding=&#8221;0px||4px|||&#8221; top_divider_style=&#8221;arrow&#8221; global_colors_info=&#8221;{}&#8221;][et_pb_row column_structure=&#8221;1_3,1_3,1_3&#8243; _builder_version=&#8221;4.18.0&#8243; _module_preset=&#8221;default&#8221; global_colors_info=&#8221;{}&#8221;][et_pb_column type=&#8221;1_3&#8243; _builder_version=&#8221;4.18.0&#8243; _module_preset=&#8221;default&#8221; global_colors_info=&#8221;{}&#8221;][et_pb_video src=&#8221;http:\/\/youtu.be\/UB7lqFe0BsY&#8221; _builder_version=&#8221;4.18.0&#8243; _module_preset=&#8221;default&#8221; global_colors_info=&#8221;{}&#8221;][\/et_pb_video][et_pb_blurb title=&#8221;Eventen&#8221; _builder_version=&#8221;4.22.1&#8243; _module_preset=&#8221;default&#8221; header_font_size=&#8221;31px&#8221; body_font_size=&#8221;20px&#8221; global_colors_info=&#8221;{}&#8221;]<\/p>\n<p><span>Som en del av v\u00e5r marknadsf\u00f6ring sponsrar vi m\u00e5nga sp\u00e4nnande event. Som fris\u00f6r inneb\u00e4r det att det finns m\u00f6jlighet att representera Lyko p\u00e5 b\u00e5de fashionabla ELLE-galan, partnerevent eller l\u00e4ngdskidlandslaget. Ballt, va?!<\/span><\/p>\n<p>[\/et_pb_blurb][\/et_pb_column][et_pb_column type=&#8221;1_3&#8243; _builder_version=&#8221;4.18.0&#8243; _module_preset=&#8221;default&#8221; global_colors_info=&#8221;{}&#8221;][et_pb_video src=&#8221;http:\/\/youtu.be\/Z6bwbtytexg&#8221; _builder_version=&#8221;4.18.0&#8243; _module_preset=&#8221;default&#8221; global_colors_info=&#8221;{}&#8221;][\/et_pb_video][et_pb_blurb title=&#8221;Produkterna&#8221; _builder_version=&#8221;4.22.1&#8243; _module_preset=&#8221;default&#8221; header_font_size=&#8221;31px&#8221; body_font_size=&#8221;20px&#8221; global_colors_info=&#8221;{}&#8221;]<\/p>\n<p><span>P\u00e5 Lyko har vi \u00f6ver 55 000 produkter fr\u00e5n fler \u00e4n 1000 varum\u00e4rken. Som fris\u00f6r inneb\u00e4r det att du har alla de professionella varum\u00e4rken du beh\u00f6ver, plus att det finns en m\u00e4ngd nya, roliga och sp\u00e4nnande produkter att testa!<\/span><\/p>\n<p>[\/et_pb_blurb][\/et_pb_column][et_pb_column type=&#8221;1_3&#8243; _builder_version=&#8221;4.18.0&#8243; _module_preset=&#8221;default&#8221; global_colors_info=&#8221;{}&#8221;][et_pb_video src=&#8221;https:\/\/youtu.be\/xSXsKL1DzU4&#8243; play_icon_color=&#8221;#585CAA&#8221; _builder_version=&#8221;4.18.0&#8243; _module_preset=&#8221;default&#8221; global_colors_info=&#8221;{}&#8221;][\/et_pb_video][et_pb_blurb title=&#8221;H\u00e4lsan&#8221; _builder_version=&#8221;4.22.1&#8243; _module_preset=&#8221;default&#8221; header_font_size=&#8221;31px&#8221; body_font_size=&#8221;20px&#8221; global_colors_info=&#8221;{}&#8221;]<\/p>\n<p><span>Vi har inte bara h\u00e4lsosamma partners, vi bryr oss ocks\u00e5 om din h\u00e4lsa! F\u00f6r att ge dig f\u00f6ruts\u00e4ttningar ger vi ett friskv\u00e5rdsbidrag varje \u00e5r och rabatt p\u00e5 SATS! Som fris\u00f6r har du dessutom r\u00e4tt att g\u00f6ra en h\u00e4lsokontroll via oss vart tredje \u00e5r \u2013 allt f\u00f6r att du ska m\u00e5 bra!<\/span><\/p>\n<p>[\/et_pb_blurb][\/et_pb_column][\/et_pb_row][\/et_pb_section][et_pb_section fb_built=&#8221;1&#8243; _builder_version=&#8221;4.18.0&#8243; _module_preset=&#8221;default&#8221; custom_padding=&#8221;0px||15px|||&#8221; global_colors_info=&#8221;{}&#8221;][et_pb_row column_structure=&#8221;1_3,1_3,1_3&#8243; _builder_version=&#8221;4.18.0&#8243; _module_preset=&#8221;default&#8221; global_colors_info=&#8221;{}&#8221;][et_pb_column type=&#8221;1_3&#8243; _builder_version=&#8221;4.18.0&#8243; _module_preset=&#8221;default&#8221; global_colors_info=&#8221;{}&#8221;][et_pb_blurb title=&#8221;Salongerna&#8221; image=&#8221;https:\/\/careers.lyko.com\/wp-content\/uploads\/2022\/11\/20_Lyko-Store-1.jpeg&#8221; _builder_version=&#8221;4.22.1&#8243; _module_preset=&#8221;default&#8221; header_font_size=&#8221;31px&#8221; body_font_size=&#8221;20px&#8221; global_colors_info=&#8221;{}&#8221;]<\/p>\n<p><span>V\u00e5ra salonger finns p\u00e5 fler \u00e4n 20 attraktiva platser runt om i Sverige och Norge, s\u00e5 som Mall of Scandinavia i Stockholm, Emporia i Malm\u00f6, Femman i G\u00f6teborg och Karl Johan i Oslo.<\/span><\/p>\n<p>[\/et_pb_blurb][\/et_pb_column][et_pb_column type=&#8221;1_3&#8243; _builder_version=&#8221;4.18.0&#8243; _module_preset=&#8221;default&#8221; global_colors_info=&#8221;{}&#8221;][et_pb_blurb title=&#8221;Teamet&#8221; image=&#8221;https:\/\/careers.lyko.com\/wp-content\/uploads\/2022\/11\/10_Lyko-Store-1.jpeg&#8221; _builder_version=&#8221;4.22.1&#8243; _module_preset=&#8221;default&#8221; header_font_size=&#8221;31px&#8221; body_font_size=&#8221;20px&#8221; global_colors_info=&#8221;{}&#8221;]<\/p>\n<p><span>Som fris\u00f6r tillh\u00f6r du ett h\u00e4rligt team av 45 andra fris\u00f6rer. Du \u00e4r m.a.o inte ensam! Tilsammans har ni dessutom ert egna community online d\u00e4r ni t.ex. kan st\u00e4lla fr\u00e5gor och bjuda p\u00e5 tips och r\u00e5d!<\/span><\/p>\n<p>[\/et_pb_blurb][\/et_pb_column][et_pb_column type=&#8221;1_3&#8243; _builder_version=&#8221;4.18.0&#8243; _module_preset=&#8221;default&#8221; global_colors_info=&#8221;{}&#8221;][et_pb_blurb title=&#8221;Utvecklingen&#8221; image=&#8221;https:\/\/careers.lyko.com\/wp-content\/uploads\/2022\/11\/Friso\u0308r.png&#8221; _builder_version=&#8221;4.22.1&#8243; _module_preset=&#8221;default&#8221; header_font_size=&#8221;31px&#8221; body_font_size=&#8221;20px&#8221; global_colors_info=&#8221;{}&#8221;]<\/p>\n<p><span center=\"\"><span class=\"s1\">Vi ser det som en sj\u00e4lvklarhet att skapa m\u00f6jligheter f\u00f6r utveckling. Som fris\u00f6r hos oss har du d\u00e4rf\u00f6r m\u00f6jlighet till b\u00e5de interna liksom externa utbildningar, fris\u00f6rtr\u00e4ffar och produktgenomg\u00e5ngar.<\/span><\/span><\/p>\n<p>[\/et_pb_blurb][\/et_pb_column][\/et_pb_row][\/et_pb_section][et_pb_section fb_built=&#8221;1&#8243; _builder_version=&#8221;4.18.0&#8243; _module_preset=&#8221;default&#8221; custom_margin=&#8221;30px||||false|false&#8221; custom_margin_tablet=&#8221;30px||||false|false&#8221; custom_margin_phone=&#8221;30px||||false|false&#8221; custom_margin_last_edited=&#8221;on|desktop&#8221; custom_padding=&#8221;4px|||||&#8221; global_colors_info=&#8221;{}&#8221;][et_pb_row column_structure=&#8221;1_2,1_2&#8243; make_equal=&#8221;on&#8221; _builder_version=&#8221;4.18.0&#8243; _module_preset=&#8221;default&#8221; min_height=&#8221;396px&#8221; custom_css_main_element=&#8221;align-items: center;&#8221; global_colors_info=&#8221;{}&#8221;][et_pb_column type=&#8221;1_2&#8243; _builder_version=&#8221;4.18.0&#8243; _module_preset=&#8221;default&#8221; global_colors_info=&#8221;{}&#8221;][dsm_block_reveal_text block_reveal_text=&#8221;Intervju &#8211; L\u00e4s mer om att vara fris\u00f6r hos oss! &#8221; block_reveal_color=&#8221;#BDBDE1&#8243; _builder_version=&#8221;4.22.1&#8243; _module_preset=&#8221;default&#8221; header_font_size=&#8221;50px&#8221; custom_margin=&#8221;||||false|false&#8221; global_colors_info=&#8221;{}&#8221;][\/dsm_block_reveal_text][\/et_pb_column][et_pb_column type=&#8221;1_2&#8243; _builder_version=&#8221;4.18.0&#8243; _module_preset=&#8221;default&#8221; global_colors_info=&#8221;{}&#8221;][dsm_scroll_image src=&#8221;https:\/\/careers.lyko.com\/wp-content\/uploads\/2022\/10\/Ska\u0308rmavbild-2022-10-28-kl.-17.09.40.png&#8221; alt=&#8221;Dr\u00f6mjobbet: Fris\u00f6r p\u00e5 Lyko&#8221; title_text=&#8221;Dr\u00f6mjobbet: Fris\u00f6r p\u00e5 Lyko&#8221; url=&#8221;https:\/\/lyko.com\/sv\/magazine\/lyko\/dromjobbet-frisor-pa-lyko&#8221; url_new_window=&#8221;on&#8221; use_video_popup=&#8221;on&#8221; overlay_icon_color=&#8221;#585CAA&#8221; hover_icon=&#8221;&#x3f;||divi||400&#8243; _builder_version=&#8221;4.18.0&#8243; _module_preset=&#8221;default&#8221; box_shadow_style=&#8221;preset1&#8243; box_shadow_blur=&#8221;64px&#8221; box_shadow_spread=&#8221;-25px&#8221; global_colors_info=&#8221;{}&#8221;][\/dsm_scroll_image][\/et_pb_column][\/et_pb_row][\/et_pb_section][et_pb_section fb_built=&#8221;1&#8243; fullwidth=&#8221;on&#8221; _builder_version=&#8221;4.18.0&#8243; _module_preset=&#8221;default&#8221; background_image=&#8221;https:\/\/careers.lyko.com\/wp-content\/uploads\/2022\/11\/23_Lyko-Store.png&#8221; parallax=&#8221;on&#8221; global_colors_info=&#8221;{}&#8221;][et_pb_fullwidth_image title_text=&#8221;23_Lyko-Store&#8221; _builder_version=&#8221;4.18.0&#8243; _module_preset=&#8221;default&#8221; min_height=&#8221;500px&#8221; min_height_tablet=&#8221;500px&#8221; min_height_phone=&#8221;400px&#8221; min_height_last_edited=&#8221;on|phone&#8221; global_colors_info=&#8221;{}&#8221;][\/et_pb_fullwidth_image][\/et_pb_section][et_pb_section fb_built=&#8221;1&#8243; _builder_version=&#8221;4.18.0&#8243; _module_preset=&#8221;default&#8221; custom_padding=&#8221;||10px|||&#8221; global_colors_info=&#8221;{}&#8221;][et_pb_row make_equal=&#8221;on&#8221; module_id=&#8221;toggle4&#8243; _builder_version=&#8221;4.18.0&#8243; _module_preset=&#8221;default&#8221; custom_css_main_element=&#8221;align-items: center;&#8221; global_colors_info=&#8221;{}&#8221;][et_pb_column type=&#8221;4_4&#8243; _builder_version=&#8221;4.18.0&#8243; _module_preset=&#8221;default&#8221; global_colors_info=&#8221;{}&#8221;][et_pb_blurb title=&#8221;Bye bye CV och personligt brev&#8221; use_icon=&#8221;on&#8221; _builder_version=&#8221;4.22.1&#8243; _module_preset=&#8221;default&#8221; header_font_size=&#8221;53px&#8221; body_font_size=&#8221;24px&#8221; text_orientation=&#8221;center&#8221; global_colors_info=&#8221;{}&#8221;]<\/p>\n<p><span>Just ja, en sista sak! Kom ih\u00e5g att du inte beh\u00f6ver ha CV eller personligt brev f\u00f6r att s\u00f6ka jobb hos oss. P\u00e5 Lyko tror vi n\u00e4mligen att vem du \u00e4r och vad du har f\u00f6r f\u00f6rm\u00e5gor \u00e4r viktigare \u00e4n din tidigare erfarenhet. Bra va?!<\/span><\/p>\n<p>[\/et_pb_blurb][\/et_pb_column][\/et_pb_row][\/et_pb_section][et_pb_section fb_built=&#8221;1&#8243; _builder_version=&#8221;4.18.0&#8243; _module_preset=&#8221;default&#8221; custom_padding=&#8221;10px|||||&#8221; global_colors_info=&#8221;{}&#8221;][et_pb_row _builder_version=&#8221;4.18.0&#8243; _module_preset=&#8221;default&#8221; global_colors_info=&#8221;{}&#8221;][et_pb_column type=&#8221;4_4&#8243; _builder_version=&#8221;4.18.0&#8243; _module_preset=&#8221;default&#8221; global_colors_info=&#8221;{}&#8221;][et_pb_code _builder_version=&#8221;4.18.0&#8243; _module_preset=&#8221;default&#8221; width=&#8221;70%&#8221; width_tablet=&#8221;100%&#8221; width_phone=&#8221;100%&#8221; width_last_edited=&#8221;on|tablet&#8221; module_alignment=&#8221;center&#8221; global_colors_info=&#8221;{}&#8221;]<\/p>\n<div id=\"jobylon-jobs-widget\"><\/div>\n<p><!-- [et_pb_line_break_holder] --><script type=\"text\/javascript\"><!-- [et_pb_line_break_holder] --><!-- [et_pb_line_break_holder] -->  \/*** CONFIGURATION ***\/<!-- [et_pb_line_break_holder] -->  var jbl_company_id = 2420;<!-- [et_pb_line_break_holder] -->  var jbl_version = 'v2';<!-- [et_pb_line_break_holder] -->  var jbl_page_size = 50;<!-- [et_pb_line_break_holder] -->  var jbl_filters = { <!-- [et_pb_line_break_holder] -->    layers_1_ids: [13015]<!-- [et_pb_line_break_holder] --> };<!-- [et_pb_line_break_holder] --><!-- [et_pb_line_break_holder] --><!-- [et_pb_line_break_holder] -->  \/*** DON'T EDIT BELOW THIS LINE ***\/<!-- [et_pb_line_break_holder] -->  (function() {<!-- [et_pb_line_break_holder] -->    var el = document.createElement('script');<!-- [et_pb_line_break_holder] -->    el.src = 'https:\/\/cdn.jobylon.com\/embedder.js';<!-- [et_pb_line_break_holder] -->    el.type = 'text\/javascript';<!-- [et_pb_line_break_holder] -->    el.async = true;<!-- [et_pb_line_break_holder] -->    d = (document.getElementsByTagName('head')[0] || document.getElementsByTagName('body')[0]);<!-- [et_pb_line_break_holder] -->    d.appendChild(el);<!-- [et_pb_line_break_holder] -->  })();<!-- [et_pb_line_break_holder] --><\/script>[\/et_pb_code][\/et_pb_column][\/et_pb_row][\/et_pb_section]<\/p>","protected":false},"excerpt":{"rendered":"<p>P\u00e5 Lyko satsar vi stort p\u00e5 v\u00e5ra fris\u00f6rer och letar hela tiden efter nya fris\u00f6rtalanger som vill g\u00f6ra alla kunder som sitter i deras stol till v\u00e4rldens lyckligaste (och snyggaste)! \ud83d\udc87<\/p>\n<p>S\u00e5 \u00e4r du en utbildad fris\u00f6r som alltid s\u00e4tter din kunds h\u00e5r och v\u00e4lm\u00e5ende fr\u00e4mst, d\u00e5 letar vi efter dig! <\/p>","protected":false},"author":2,"featured_media":219,"parent":0,"menu_order":0,"comment_status":"closed","ping_status":"closed","template":"","meta":{"_et_pb_use_builder":"on","_et_pb_old_content":"","_et_gb_content_width":"","footnotes":""},"class_list":["post-131","page","type-page","status-publish","has-post-thumbnail","hentry"],"featured_image_src":"https:\/\/careers.lyko.com\/wp-content\/uploads\/2022\/11\/chop-it_1920x1080pxl-600x360.webp","featured_image_src_square":"https:\/\/careers.lyko.com\/wp-content\/uploads\/2022\/11\/chop-it_1920x1080pxl-600x360.webp","_links":{"self":[{"href":"https:\/\/careers.lyko.com\/en\/wp-json\/wp\/v2\/pages\/131","targetHints":{"allow":["GET"]}}],"collection":[{"href":"https:\/\/careers.lyko.com\/en\/wp-json\/wp\/v2\/pages"}],"about":[{"href":"https:\/\/careers.lyko.com\/en\/wp-json\/wp\/v2\/types\/page"}],"author":[{"embeddable":true,"href":"https:\/\/careers.lyko.com\/en\/wp-json\/wp\/v2\/users\/2"}],"replies":[{"embeddable":true,"href":"https:\/\/careers.lyko.com\/en\/wp-json\/wp\/v2\/comments?post=131"}],"version-history":[{"count":0,"href":"https:\/\/careers.lyko.com\/en\/wp-json\/wp\/v2\/pages\/131\/revisions"}],"wp:featuredmedia":[{"embeddable":true,"href":"https:\/\/careers.lyko.com\/en\/wp-json\/wp\/v2\/media\/219"}],"wp:attachment":[{"href":"https:\/\/careers.lyko.com\/en\/wp-json\/wp\/v2\/media?parent=131"}],"curies":[{"name":"wp","href":"https:\/\/api.w.org\/{rel}","templated":true}]}}