{"id":1130,"date":"2025-04-22T11:37:10","date_gmt":"2025-04-22T11:37:10","guid":{"rendered":"https:\/\/careers.lyko.com\/?page_id=1130"},"modified":"2025-04-22T12:10:50","modified_gmt":"2025-04-22T12:10:50","slug":"prenumerera-pa-jobb","status":"publish","type":"page","link":"https:\/\/careers.lyko.com\/en\/prenumerera-pa-jobb\/","title":{"rendered":"Subscribe to jobs"},"content":{"rendered":"<p>[et_pb_section fb_built=&#8221;1&#8243; _builder_version=&#8221;4.27.4&#8243; _module_preset=&#8221;default&#8221; background_enable_video_mp4=&#8221;off&#8221; positioning=&#8221;absolute&#8221; custom_margin=&#8221;||||false|false&#8221; custom_padding=&#8221;||||false|false&#8221; global_colors_info=&#8221;{}&#8221;][et_pb_row _builder_version=&#8221;4.27.4&#8243; _module_preset=&#8221;default&#8221; width=&#8221;100%&#8221; max_width=&#8221;2560px&#8221; custom_margin=&#8221;-28px|auto||auto|false|false&#8221; sticky_position=&#8221;top_bottom&#8221; sticky_offset_top=&#8221;50px&#8221; sticky_offset_bottom=&#8221;40px&#8221; global_colors_info=&#8221;{}&#8221;][et_pb_column type=&#8221;4_4&#8243; _builder_version=&#8221;4.18.0&#8243; _module_preset=&#8221;default&#8221; global_colors_info=&#8221;{}&#8221;][et_pb_text _builder_version=&#8221;4.27.4&#8243; _module_preset=&#8221;default&#8221; text_font_size=&#8221;36px&#8221; background_enable_color=&#8221;off&#8221; background_image=&#8221;https:\/\/careers.lyko.com\/wp-content\/uploads\/2022\/12\/Flag_of_United_Kingdom_Flat_Round-64&#215;64-1.png&#8221; background_size=&#8221;contain&#8221; text_orientation=&#8221;center&#8221; width=&#8221;70px&#8221; width_tablet=&#8221;71px&#8221; width_phone=&#8221;71px&#8221; width_last_edited=&#8221;on|tablet&#8221; module_alignment=&#8221;right&#8221; custom_margin=&#8221;||||false|false&#8221; custom_margin_phone=&#8221;||||false|false&#8221; custom_margin_last_edited=&#8221;off|phone&#8221; custom_padding=&#8221;18px|0px|18px||true|false&#8221; custom_padding_phone=&#8221;10px||10px||false|false&#8221; custom_padding_last_edited=&#8221;off|phone&#8221; link_option_url=&#8221;https:\/\/careers.lyko.com\/en\/prenumerera-pa-jobb\/&#8221; hover_enabled=&#8221;0&#8243; border_radii=&#8221;off|5px|||5px&#8221; global_colors_info=&#8221;{}&#8221; transform_styles__hover_enabled=&#8221;off|hover&#8221; transform_scale__hover_enabled=&#8221;off|hover&#8221; transform_translate__hover_enabled=&#8221;off|hover&#8221; transform_rotate__hover_enabled=&#8221;off|hover&#8221; transform_skew__hover_enabled=&#8221;off|hover&#8221; transform_origin__hover_enabled=&#8221;off|hover&#8221; sticky_enabled=&#8221;0&#8243;]<\/p>\n<p><a href=\"https:\/\/careers.lyko.com\/en\/\"><span class=\"emoji\"><\/span><\/a><\/p>\n<p>[\/et_pb_text][\/et_pb_column][\/et_pb_row][\/et_pb_section][et_pb_section fb_built=&#8221;1&#8243; _builder_version=&#8221;4.27.4&#8243; _module_preset=&#8221;default&#8221; background_color=&#8221;#BDBDE1&#8243; custom_margin=&#8221;||||false|false&#8221; custom_padding=&#8221;150px||||false|false&#8221; global_colors_info=&#8221;{}&#8221;][et_pb_row column_structure=&#8221;1_2,1_2&#8243; _builder_version=&#8221;4.27.4&#8243; _module_preset=&#8221;default&#8221; custom_margin=&#8221;-50px||||false|false&#8221; custom_margin_tablet=&#8221;-50px||||false|false&#8221; custom_margin_phone=&#8221;-50px||||false|false&#8221; custom_margin_last_edited=&#8221;on|phone&#8221; custom_padding=&#8221;0px||88px|||&#8221; custom_css_main_element=&#8221;align-items: center;&#8221; global_colors_info=&#8221;{}&#8221;][et_pb_column type=&#8221;1_2&#8243; _builder_version=&#8221;4.18.0&#8243; _module_preset=&#8221;default&#8221; global_colors_info=&#8221;{}&#8221;][et_pb_text _builder_version=&#8221;4.27.4&#8243; _module_preset=&#8221;default&#8221; text_font=&#8221;TT Commons Regular||||||||&#8221; text_font_size=&#8221;23px&#8221; text_letter_spacing=&#8221;1px&#8221; text_line_height=&#8221;1.3em&#8221; header_font=&#8221;Lyko Headline||||||||&#8221; header_text_color=&#8221;#585CAA&#8221; header_font_size=&#8221;60px&#8221; header_line_height=&#8221;1.2em&#8221; position_origin_a=&#8221;center_left&#8221; position_origin_f=&#8221;bottom_center&#8221; position_origin_r=&#8221;top_right&#8221; custom_margin=&#8221;||||false|false&#8221; custom_margin_tablet=&#8221;61px||||false|false&#8221; custom_margin_phone=&#8221;20px||1px||false|false&#8221; custom_margin_last_edited=&#8221;off|desktop&#8221; text_font_size_tablet=&#8221;23px&#8221; text_font_size_phone=&#8221;20px&#8221; text_font_size_last_edited=&#8221;on|phone&#8221; header_font_size_tablet=&#8221;63px&#8221; header_font_size_phone=&#8221;49px&#8221; header_font_size_last_edited=&#8221;on|phone&#8221; header_line_height_phone=&#8221;1.2em&#8221; header_line_height_last_edited=&#8221;off|phone&#8221; global_colors_info=&#8221;{}&#8221;]<\/p>\n<div id=\"w3KHk5SxpgbOlGuf\">\n<div id=\"bNOFiCIEvbO4MWIr\">\n<div id=\"Shw3WRaIwORv4q1q\">\n<h1><span>Easily subscribe to job alerts and get new opportunities sent straight to your inbox<\/span>! <span id=\"r0cugbsgECKH5npL\">\ud83d\ude80<\/span><span><\/span><\/h1>\n<p><span><\/span><\/p>\n<p data-pm-slice=\"1 1 []\">You choose the departments, countries, and locations you're interested in \u2013 and we\u2019ll keep you updated when something matches! You can also sign up for internship and summer job opportunities.<\/p>\n<\/div>\n<\/div>\n<\/div>\n<p>[\/et_pb_text][et_pb_image src=&#8221;https:\/\/careers.lyko.com\/wp-content\/uploads\/2024\/10\/01_WILLIAM_HALVKROPP_203.png&#8221; title_text=&#8221;01_WILLIAM_HALVKROPP_203&#8243; disabled_on=&#8221;on|on|off&#8221; _builder_version=&#8221;4.27.4&#8243; _module_preset=&#8221;default&#8221; custom_margin=&#8221;-70px||||false|false&#8221; custom_margin_tablet=&#8221;||-22px|||&#8221; custom_margin_phone=&#8221;||60px||false|false&#8221; custom_margin_last_edited=&#8221;off|desktop&#8221; custom_padding=&#8221;||||false|false&#8221; animation_style=&#8221;slide&#8221; animation_direction=&#8221;bottom&#8221; global_colors_info=&#8221;{}&#8221;][\/et_pb_image][\/et_pb_column][et_pb_column type=&#8221;1_2&#8243; _builder_version=&#8221;4.18.0&#8243; _module_preset=&#8221;default&#8221; global_colors_info=&#8221;{}&#8221;][et_pb_code module_id=&#8221;toggle3&#8243; _builder_version=&#8221;4.27.4&#8243; _module_preset=&#8221;default&#8221; background_color=&#8221;#FFFFFF&#8221; width_tablet=&#8221;100%&#8221; width_phone=&#8221;100%&#8221; width_last_edited=&#8221;off|desktop&#8221; module_alignment=&#8221;center&#8221; min_height=&#8221;200px&#8221; custom_padding=&#8221;5%|5%|5%|5%|true|true&#8221; global_colors_info=&#8221;{}&#8221;]<\/p>\n<div id=\"jobylon-jobs-widget\"><\/div>\n<p><!-- [et_pb_line_break_holder] --><script type=\"text\/javascript\"><!-- [et_pb_line_break_holder] --><!-- [et_pb_line_break_holder] -->  \/*** CONFIGURATION ***\/<!-- [et_pb_line_break_holder] -->  var jbl_company_id = \t2420;<!-- [et_pb_line_break_holder] -->  var jbl_version = 'v3';<!-- [et_pb_line_break_holder] -->  var jbl_filters = {<!-- [et_pb_line_break_holder] -->    show_filters: 1<!-- [et_pb_line_break_holder] -->  };<!-- [et_pb_line_break_holder] --><!-- [et_pb_line_break_holder] -->  \/*** DON'T EDIT BELOW THIS LINE ***\/<!-- [et_pb_line_break_holder] -->  (function() {<!-- [et_pb_line_break_holder] -->    var el = document.createElement('script');<!-- [et_pb_line_break_holder] -->    el.src = 'https:\/\/cdn.jobylon.com\/embedder.js';<!-- [et_pb_line_break_holder] -->    el.type = 'text\/javascript';<!-- [et_pb_line_break_holder] -->    el.async = true;<!-- [et_pb_line_break_holder] -->    d = (document.getElementsByTagName('head')[0] || document.getElementsByTagName('body')[0]);<!-- [et_pb_line_break_holder] -->    d.appendChild(el);<!-- [et_pb_line_break_holder] -->  })();<!-- [et_pb_line_break_holder] --><\/script>[\/et_pb_code][\/et_pb_column][\/et_pb_row][\/et_pb_section]<\/p>","protected":false},"excerpt":{"rendered":"<p>Prenumerera enkelt p\u00e5 lediga jobb och f\u00e5 nya m\u00f6jligheter direkt till din mejl! \ud83d\ude80 Du v\u00e4ljer sj\u00e4lv vilka avdelningar, l\u00e4nder och orter som intresserar dig \u2013 s\u00e5 h\u00e5ller vi dig uppdaterad n\u00e4r n\u00e5got matchar! Det g\u00e5r ocks\u00e5 att signa upp f\u00f6r praktikplatser och sommarjobb.<\/p>","protected":false},"author":2,"featured_media":0,"parent":0,"menu_order":0,"comment_status":"closed","ping_status":"closed","template":"","meta":{"_et_pb_use_builder":"on","_et_pb_old_content":"","_et_gb_content_width":"","footnotes":""},"class_list":["post-1130","page","type-page","status-publish","hentry"],"featured_image_src":null,"featured_image_src_square":null,"_links":{"self":[{"href":"https:\/\/careers.lyko.com\/en\/wp-json\/wp\/v2\/pages\/1130","targetHints":{"allow":["GET"]}}],"collection":[{"href":"https:\/\/careers.lyko.com\/en\/wp-json\/wp\/v2\/pages"}],"about":[{"href":"https:\/\/careers.lyko.com\/en\/wp-json\/wp\/v2\/types\/page"}],"author":[{"embeddable":true,"href":"https:\/\/careers.lyko.com\/en\/wp-json\/wp\/v2\/users\/2"}],"replies":[{"embeddable":true,"href":"https:\/\/careers.lyko.com\/en\/wp-json\/wp\/v2\/comments?post=1130"}],"version-history":[{"count":0,"href":"https:\/\/careers.lyko.com\/en\/wp-json\/wp\/v2\/pages\/1130\/revisions"}],"wp:attachment":[{"href":"https:\/\/careers.lyko.com\/en\/wp-json\/wp\/v2\/media?parent=1130"}],"curies":[{"name":"wp","href":"https:\/\/api.w.org\/{rel}","templated":true}]}}